{"id":102,"date":"2024-10-23T10:01:59","date_gmt":"2024-10-23T10:01:59","guid":{"rendered":"https:\/\/adanyaconcept.com\/?page_id=102"},"modified":"2024-10-23T11:06:43","modified_gmt":"2024-10-23T11:06:43","slug":"hakkimizda","status":"publish","type":"page","link":"https:\/\/adanyaconcept.com\/index.php\/hakkimizda\/","title":{"rendered":"Hakk\u0131m\u0131zda"},"content":{"rendered":"\n<div class=\"wp-block-media-text is-stacked-on-mobile\"><figure class=\"wp-block-media-text__media\"><img loading=\"lazy\" decoding=\"async\" width=\"500\" height=\"350\" src=\"https:\/\/adanyaconcept.com\/wp-content\/uploads\/2024\/10\/adanya-hakkimizda-1.jpg\" alt=\"\" class=\"wp-image-154 size-full\" srcset=\"https:\/\/adanyaconcept.com\/wp-content\/uploads\/2024\/10\/adanya-hakkimizda-1.jpg 500w, https:\/\/adanyaconcept.com\/wp-content\/uploads\/2024\/10\/adanya-hakkimizda-1-300x210.jpg 300w\" sizes=\"auto, (max-width: 500px) 100vw, 500px\" \/><\/figure><div class=\"wp-block-media-text__content\">\n<p>Adanya Concept, 10 y\u0131l\u0131 a\u015fk\u0131n s\u00fcredir Mobilya Sekt\u00f6r\u00fcnde Kaliteli \u00dcr\u00fcn\u00fc, Uygun Fiyatlar ile son kullan\u0131c\u0131ya   ula\u015ft\u0131rarak Sekt\u00f6rde \u00f6nemli bir yer edinmi\u015ftir.<\/p>\n\n\n\n<p>Evinizin ihtiyac\u0131na y\u00f6nelik t\u00fcm mobilya ve aksesuarlar\u0131n\u0131, kaliteli \u00fcr\u00fcn ve renk alternatifleri ile sunan Adanya Concept, \u00fcr\u00fcnleri demonte olarak ya da evde kurulum hizmeti ile m\u00fc\u015fterilerine sunuyor.<\/p>\n\n\n\n<p>M\u00fc\u015fteri memnuniyetini en \u00fcst d\u00fczeyde tutan Adanya Concept, \u00fcr\u00fcnlerini hasar g\u00f6rmesini engelleyecek \u00f6zel paketleme sistemi ile h\u0131zl\u0131 teslim ediyor ve kullan\u0131c\u0131 e\u011fer memnun kalmazsa 15 g\u00fcn i\u00e7erisinde kolayl\u0131kla \u00fcr\u00fcn\u00fcn\u00fc iade edebiliyor.<\/p>\n<\/div><\/div>\n","protected":false},"excerpt":{"rendered":"<p>Adanya Concept, 10 y\u0131l\u0131 a\u015fk\u0131n s\u00fcredir Mobilya Sekt\u00f6r\u00fcnde Kaliteli \u00dcr\u00fcn\u00fc, Uygun Fiyatlar ile son kullan\u0131c\u0131ya ula\u015ft\u0131rarak Sekt\u00f6rde \u00f6nemli bir yer &hellip; <\/p>\n","protected":false},"author":1,"featured_media":0,"parent":0,"menu_order":0,"comment_status":"closed","ping_status":"closed","template":"","meta":{"footnotes":""},"class_list":["post-102","page","type-page","status-publish","hentry"],"_links":{"self":[{"href":"https:\/\/adanyaconcept.com\/index.php\/wp-json\/wp\/v2\/pages\/102","targetHints":{"allow":["GET"]}}],"collection":[{"href":"https:\/\/adanyaconcept.com\/index.php\/wp-json\/wp\/v2\/pages"}],"about":[{"href":"https:\/\/adanyaconcept.com\/index.php\/wp-json\/wp\/v2\/types\/page"}],"author":[{"embeddable":true,"href":"https:\/\/adanyaconcept.com\/index.php\/wp-json\/wp\/v2\/users\/1"}],"replies":[{"embeddable":true,"href":"https:\/\/adanyaconcept.com\/index.php\/wp-json\/wp\/v2\/comments?post=102"}],"version-history":[{"count":3,"href":"https:\/\/adanyaconcept.com\/index.php\/wp-json\/wp\/v2\/pages\/102\/revisions"}],"predecessor-version":[{"id":155,"href":"https:\/\/adanyaconcept.com\/index.php\/wp-json\/wp\/v2\/pages\/102\/revisions\/155"}],"wp:attachment":[{"href":"https:\/\/adanyaconcept.com\/index.php\/wp-json\/wp\/v2\/media?parent=102"}],"curies":[{"name":"wp","href":"https:\/\/api.w.org\/{rel}","templated":true}]}}